{"id":116,"date":"2024-07-01T11:53:37","date_gmt":"2024-07-01T14:53:37","guid":{"rendered":"https:\/\/redesercolaborativa.com.br\/?page_id=116"},"modified":"2024-07-11T10:01:34","modified_gmt":"2024-07-11T13:01:34","slug":"elementor-116","status":"publish","type":"page","link":"https:\/\/redesercolaborativa.com.br\/?page_id=116","title":{"rendered":"Evento"},"content":{"rendered":"\t\t<div data-elementor-type=\"wp-page\" data-elementor-id=\"116\" class=\"elementor elementor-116\">\n\t\t\t\t<div class=\"elementor-element elementor-element-0408874 e-flex e-con-boxed e-con e-parent\" data-id=\"0408874\" data-element_type=\"container\" data-settings=\"{&quot;background_background&quot;:&quot;classic&quot;}\">\n\t\t\t\t\t<div class=\"e-con-inner\">\n\t\t\t\t<div class=\"elementor-element elementor-element-269a5f5 elementor-widget elementor-widget-image\" data-id=\"269a5f5\" data-element_type=\"widget\" data-widget_type=\"image.default\">\n\t\t\t\t<div class=\"elementor-widget-container\">\n\t\t\t<style>\/*! elementor - v3.22.0 - 17-06-2024 *\/\n.elementor-widget-image{text-align:center}.elementor-widget-image a{display:inline-block}.elementor-widget-image a img[src$=\".svg\"]{width:48px}.elementor-widget-image img{vertical-align:middle;display:inline-block}<\/style>\t\t\t\t\t\t\t\t\t\t<img fetchpriority=\"high\" decoding=\"async\" width=\"768\" height=\"377\" src=\"https:\/\/redesercolaborativa.com.br\/wp-content\/uploads\/2024\/07\/banner-rede-ser-e1720114300202-768x377.jpg\" class=\"attachment-medium_large size-medium_large wp-image-165\" alt=\"\" srcset=\"https:\/\/redesercolaborativa.com.br\/wp-content\/uploads\/2024\/07\/banner-rede-ser-e1720114300202-768x377.jpg 768w, https:\/\/redesercolaborativa.com.br\/wp-content\/uploads\/2024\/07\/banner-rede-ser-e1720114300202-300x147.jpg 300w, https:\/\/redesercolaborativa.com.br\/wp-content\/uploads\/2024\/07\/banner-rede-ser-e1720114300202-1024x503.jpg 1024w, https:\/\/redesercolaborativa.com.br\/wp-content\/uploads\/2024\/07\/banner-rede-ser-e1720114300202.jpg 1113w\" sizes=\"(max-width: 768px) 100vw, 768px\" \/>\t\t\t\t\t\t\t\t\t\t\t\t\t<\/div>\n\t\t\t\t<\/div>\n\t\t\t\t\t<\/div>\n\t\t\t\t<\/div>\n\t\t<div class=\"elementor-element elementor-element-a112334 e-flex e-con-boxed e-con e-parent\" data-id=\"a112334\" data-element_type=\"container\" data-settings=\"{&quot;background_background&quot;:&quot;classic&quot;}\">\n\t\t\t\t\t<div class=\"e-con-inner\">\n\t\t<div class=\"elementor-element elementor-element-5892d9f e-con-full e-flex e-con e-child\" data-id=\"5892d9f\" data-element_type=\"container\">\n\t\t\t\t<div class=\"elementor-element elementor-element-a10d978 elementor-widget elementor-widget-image\" data-id=\"a10d978\" data-element_type=\"widget\" data-widget_type=\"image.default\">\n\t\t\t\t<div class=\"elementor-widget-container\">\n\t\t\t\t\t\t\t\t\t\t\t\t\t<img decoding=\"async\" width=\"504\" height=\"625\" src=\"https:\/\/redesercolaborativa.com.br\/wp-content\/uploads\/2024\/07\/WhatsApp-Image-2024-07-04-at-09.01.26.jpeg\" class=\"attachment-large size-large wp-image-203\" alt=\"\" srcset=\"https:\/\/redesercolaborativa.com.br\/wp-content\/uploads\/2024\/07\/WhatsApp-Image-2024-07-04-at-09.01.26.jpeg 504w, https:\/\/redesercolaborativa.com.br\/wp-content\/uploads\/2024\/07\/WhatsApp-Image-2024-07-04-at-09.01.26-242x300.jpeg 242w\" sizes=\"(max-width: 504px) 100vw, 504px\" \/>\t\t\t\t\t\t\t\t\t\t\t\t\t<\/div>\n\t\t\t\t<\/div>\n\t\t\t\t<\/div>\n\t\t<div class=\"elementor-element elementor-element-4791277 e-con-full e-flex e-con e-child\" data-id=\"4791277\" data-element_type=\"container\">\n\t\t<div class=\"elementor-element elementor-element-a7d8257 e-con-full e-flex e-con e-child\" data-id=\"a7d8257\" data-element_type=\"container\">\n\t\t\t\t<div class=\"elementor-element elementor-element-f58ce50 elementor-widget elementor-widget-text-editor\" data-id=\"f58ce50\" data-element_type=\"widget\" data-widget_type=\"text-editor.default\">\n\t\t\t\t<div class=\"elementor-widget-container\">\n\t\t\t<style>\/*! elementor - v3.22.0 - 17-06-2024 *\/\n.elementor-widget-text-editor.elementor-drop-cap-view-stacked .elementor-drop-cap{background-color:#69727d;color:#fff}.elementor-widget-text-editor.elementor-drop-cap-view-framed .elementor-drop-cap{color:#69727d;border:3px solid;background-color:transparent}.elementor-widget-text-editor:not(.elementor-drop-cap-view-default) .elementor-drop-cap{margin-top:8px}.elementor-widget-text-editor:not(.elementor-drop-cap-view-default) .elementor-drop-cap-letter{width:1em;height:1em}.elementor-widget-text-editor .elementor-drop-cap{float:left;text-align:center;line-height:1;font-size:50px}.elementor-widget-text-editor .elementor-drop-cap-letter{display:inline-block}<\/style>\t\t\t\t<h2>Simp\u00f3sio da Rede S.E.R Colaborativa: A Nova Era do Desenvolvimento Humano e da Valoriza\u00e7\u00e3o da Vida.<\/h2><h6><b>EVENTO:\u00a0<\/b><\/h6><p>Participe do I Simp\u00f3sio da Rede S.E.R. Colaborativa e embarque em uma jornada de descoberta, conhecimento, inova\u00e7\u00e3o e avan\u00e7o nas \u00e1reas de Educa\u00e7\u00e3o, Sa\u00fade, Ci\u00eancia e Gest\u00e3o de Pessoas. Este evento pioneiro, com foco na Sa\u00fade Mental, Bem-Estar e Sa\u00fade Integral, \u00e9 uma oportunidade \u00fanica para dialogar com especialistas renomados e explorar novas perspectivas sobre o desenvolvimento humano.<\/p><div><h6><b>DATA E LOCAL:\u00a0<\/b><\/h6><ul><li><h6><span style=\"font-weight: 400;\">08 de Agosto de 2024<\/span><\/h6><\/li><li><h6><b>Hor\u00e1rio:<\/b><span style=\"font-weight: 400;\"> 08h30 \u00e0s 17h30<\/span><\/h6><\/li><li><h6><b>Endere\u00e7o: <\/b><span style=\"font-weight: 400;\">Memorial da Am\u00e9rica Latina -Museu da Inclus\u00e3o. Av. M\u00e1rio de Andrade, 564 &#8211; Port\u00e3o 10 &#8211; Barra Funda, S\u00e3o Paulo<\/span><\/h6><\/li><\/ul><h6>\u00a0<\/h6><h2>\u00a0<\/h2><\/div>\t\t\t\t\t\t<\/div>\n\t\t\t\t<\/div>\n\t\t<div class=\"elementor-element elementor-element-119a53e e-con-full e-flex e-con e-child\" data-id=\"119a53e\" data-element_type=\"container\">\n\t\t\t\t<div class=\"elementor-element elementor-element-d954c7e elementor-align-justify elementor-widget elementor-widget-button\" data-id=\"d954c7e\" data-element_type=\"widget\" data-widget_type=\"button.default\">\n\t\t\t\t<div class=\"elementor-widget-container\">\n\t\t\t\t\t<div class=\"elementor-button-wrapper\">\n\t\t\t<a class=\"elementor-button elementor-button-link elementor-size-sm\" href=\"https:\/\/www.sympla.com.br\/evento\/i-simposio-da-rede-s-e-r-colaborativa-a-nova-era-do-desenvolvimento-humano-e-da-valorizacao-da-vida\/2496863\">\n\t\t\t\t\t\t<span class=\"elementor-button-content-wrapper\">\n\t\t\t\t\t\t\t\t\t<span class=\"elementor-button-text\">Ingresso<\/span>\n\t\t\t\t\t<\/span>\n\t\t\t\t\t<\/a>\n\t\t<\/div>\n\t\t\t\t<\/div>\n\t\t\t\t<\/div>\n\t\t\t\t<div class=\"elementor-element elementor-element-e3bd53e elementor-widget elementor-widget-heading\" data-id=\"e3bd53e\" data-element_type=\"widget\" data-widget_type=\"heading.default\">\n\t\t\t\t<div class=\"elementor-widget-container\">\n\t\t\t<style>\/*! elementor - v3.22.0 - 17-06-2024 *\/\n.elementor-heading-title{padding:0;margin:0;line-height:1}.elementor-widget-heading .elementor-heading-title[class*=elementor-size-]>a{color:inherit;font-size:inherit;line-height:inherit}.elementor-widget-heading .elementor-heading-title.elementor-size-small{font-size:15px}.elementor-widget-heading .elementor-heading-title.elementor-size-medium{font-size:19px}.elementor-widget-heading .elementor-heading-title.elementor-size-large{font-size:29px}.elementor-widget-heading .elementor-heading-title.elementor-size-xl{font-size:39px}.elementor-widget-heading .elementor-heading-title.elementor-size-xxl{font-size:59px}<\/style><h2 class=\"elementor-heading-title elementor-size-default\">Clique aqui para adquir seu ingresso\n<\/h2>\t\t<\/div>\n\t\t\t\t<\/div>\n\t\t\t\t<\/div>\n\t\t\t\t<\/div>\n\t\t\t\t<\/div>\n\t\t\t\t\t<\/div>\n\t\t\t\t<\/div>\n\t\t<div class=\"elementor-element elementor-element-b638fce e-flex e-con-boxed e-con e-parent\" data-id=\"b638fce\" data-element_type=\"container\" data-settings=\"{&quot;background_background&quot;:&quot;classic&quot;}\">\n\t\t\t\t\t<div class=\"e-con-inner\">\n\t\t\t\t<div class=\"elementor-element elementor-element-b21e384 elementor-widget elementor-widget-heading\" data-id=\"b21e384\" data-element_type=\"widget\" data-widget_type=\"heading.default\">\n\t\t\t\t<div class=\"elementor-widget-container\">\n\t\t\t<h2 class=\"elementor-heading-title elementor-size-default\">CRONOGRAMA<\/h2>\t\t<\/div>\n\t\t\t\t<\/div>\n\t\t\t\t\t<\/div>\n\t\t\t\t<\/div>\n\t\t<div class=\"elementor-element elementor-element-2700361 e-flex e-con-boxed e-con e-parent\" data-id=\"2700361\" data-element_type=\"container\" data-settings=\"{&quot;background_background&quot;:&quot;classic&quot;}\">\n\t\t\t\t\t<div class=\"e-con-inner\">\n\t\t<div class=\"elementor-element elementor-element-1122d0a e-con-full e-flex e-con e-child\" data-id=\"1122d0a\" data-element_type=\"container\">\n\t\t\t\t<div class=\"elementor-element elementor-element-fbf839e elementor-widget elementor-widget-text-editor\" data-id=\"fbf839e\" data-element_type=\"widget\" data-widget_type=\"text-editor.default\">\n\t\t\t\t<div class=\"elementor-widget-container\">\n\t\t\t\t\t\t\t<h6><strong>PROGRAMA\u00c7\u00c3O:<\/strong><\/h6><h6>08h30 &#8211; 09h: Abertura do Evento09h &#8211; 09h30: Apresenta\u00e7\u00e3o musical &#8211; Promo\u00e7\u00e3o: The Groovy Company<\/h6><ul><li dir=\"ltr\"><strong>Pain\u00e9is Tem\u00e1ticos da Manh\u00e3:<\/strong><\/li><\/ul><h6 dir=\"ltr\" role=\"presentation\"><strong>09h30 &#8211; 10h20:<\/strong> A Nova Era da Educa\u00e7\u00e3o: Soul e o Amor \u00e0 Vida<\/h6><ul><li dir=\"ltr\"><strong>Coordena\u00e7\u00e3o:<\/strong><\/li><\/ul><h6 dir=\"ltr\">Claudia Vieira Carnevalle \u2013 Fundadora da Rede S.E.R<\/h6><ul><li dir=\"ltr\"><strong>Palestrantes:<\/strong><\/li><\/ul><h6 dir=\"ltr\">Luiz Vianna \u2013 Representante da The Groovy Company &#8211; Music UPS Minds &amp; Companies<\/h6><h6 dir=\"ltr\">Mayara Silva Nascimento \u2013 Coordenadora dos Projetos de Extens\u00e3o da Anima Educa\u00e7\u00e3o<\/h6><h6 dir=\"ltr\">Marcelo Rito \u2013 Docente e Coordenador da Gradua\u00e7\u00e3o de Pedagogia da Faculdade Rudolf Steiner<\/h6><h6 dir=\"ltr\" role=\"presentation\">10h30<strong> &#8211; 11h20: Da Rela\u00e7\u00e3o \u00e0 Cura: A Arte de Viver e Morrer\u00a0<\/strong><\/h6><ul><li dir=\"ltr\"><strong>Coordena\u00e7\u00e3o:<\/strong><\/li><\/ul><h6 dir=\"ltr\">Gabriela C. Mussi \u2013 Estudante de Medicina UNIMES<\/h6><ul><li dir=\"ltr\"><strong>Palestrantes:<\/strong><\/li><\/ul><h6 dir=\"ltr\">Maria Concei\u00e7\u00e3o Seixas da Silva \u2013 M\u00e9dica Cl\u00ednica, Psic\u00f3loga e Consultora Web<\/h6><h6 dir=\"ltr\">Edson Hon\u00f3rio da Silva \u2013 M\u00e9dico Cl\u00ednico, F\u00edsico e Tecnologia da Informa\u00e7\u00e3o<\/h6><h6 dir=\"ltr\">Floriana Bertini \u2013 M\u00e9dica cardiologista, Escritora e Criadora do personagem Sr. Qualquerum<\/h6><h6 dir=\"ltr\" role=\"presentation\"><strong>11h30 &#8211; 12h20: Amor e Ci\u00eancia: A Vida com Futuro\u00a0<\/strong><\/h6><h6 dir=\"ltr\"><strong>Coordena\u00e7\u00e3o:<\/strong><\/h6><h6 dir=\"ltr\">Vera L. F. Capellini \u2013 Coordenadora e Pesquisadora UNESP<\/h6><h6 dir=\"ltr\"><strong>Palestrantes:\u00a0<\/strong><\/h6><h6 dir=\"ltr\">Edlaine F. M. Villela \u2013 Professora Dra. Coordenadora do Programa de P\u00f3s-Gradua\u00e7\u00e3o em Ci\u00eancias CCD\/SES-SP<\/h6><h6 dir=\"ltr\">\u00a0<\/h6><h6 dir=\"ltr\">\u00a0<\/h6>\t\t\t\t\t\t<\/div>\n\t\t\t\t<\/div>\n\t\t\t\t<\/div>\n\t\t<div class=\"elementor-element elementor-element-5d608cd e-con-full e-flex e-con e-child\" data-id=\"5d608cd\" data-element_type=\"container\">\n\t\t\t\t<div class=\"elementor-element elementor-element-bbf913d elementor-widget elementor-widget-text-editor\" data-id=\"bbf913d\" data-element_type=\"widget\" data-widget_type=\"text-editor.default\">\n\t\t\t\t<div class=\"elementor-widget-container\">\n\t\t\t\t\t\t\t<h6 dir=\"ltr\">Divani de Vargas \u2013 Professor Dr. Titular USP e Assessor em Depend\u00eancia Qu\u00edmica da SES-SP<\/h6><h6 dir=\"ltr\">Anderson da Costa \u2013 Engenheiro Doutorando (UNIFESP)<\/h6><h6><b>Pain\u00e9is Tem\u00e1ticos da Tarde:<\/b><\/h6><h6><b>14h &#8211; 14h50:<\/b><span style=\"font-weight: 400;\"> Diversidade, Inclus\u00e3o e Seguran\u00e7a Psicol\u00f3gica<\/span><\/h6><ul><li><strong>Coordena\u00e7\u00e3o:<\/strong><\/li><\/ul><h6><b>Secretaria do Direito das Pessoas com Defici\u00eancia<\/b><\/h6><ul><li><strong>Palestrantes:<\/strong><\/li><\/ul><h6>Jan G\u00f3es<span style=\"font-weight: 400;\"> \u2013 Coordenadora em Diversidade e Inclus\u00e3o Anima Plurais &#8211; Ecossistema Anima<\/span><\/h6><h6>Aline Moraes<span style=\"font-weight: 400;\"> \u2013 Representante do Diversus Coletivo<\/span><\/h6><h6>Karina Zonzini<span style=\"font-weight: 400;\"> \u2013 Representante do Nosso Mundo Diversidade e Inclus\u00e3o<\/span><\/h6><h6><b>15h &#8211; 15h50:<\/b><span style=\"font-weight: 400;\"> Mulher, Mundo do Trabalho e Sa\u00fade Mental<\/span><\/h6><ul><li><strong>Coordena\u00e7\u00e3o:\u00a0<\/strong><\/li><\/ul><h6>Caroline C. Mussi <span style=\"font-weight: 400;\">\u2013 Empres\u00e1ria e Criadora de Conte\u00fado <\/span><i><span style=\"font-weight: 400;\">Web<\/span><\/i><\/h6><h6><strong>Palestrantes:\u00a0<\/strong><\/h6><h6>Aniara Correa, Lucia Chibante, Aline Pedrazzi e Cristina Magnabosco <span style=\"font-weight: 400;\">\u2013 Representantes da Empresa <\/span><span style=\"font-weight: 400;\"><em>WM Conecta <\/em><\/span><span style=\"font-weight: 400;\">&#8211; Atua\u00e7\u00e3o com interfaces entre equidade de g\u00eanero, desenvolvimento social, sustent\u00e1vel e sa\u00fade mental<\/span><\/h6><ul><li style=\"font-weight: 400;\" aria-level=\"1\"><h6><b>16h &#8211; 17h:<\/b><span style=\"font-weight: 400;\"> Inova\u00e7\u00f5es e Desafios da Nova Era do Desenvolvimento Humano nas Empresas<\/span><\/h6><\/li><\/ul><h6><strong>Coordena\u00e7\u00e3o:<\/strong><\/h6><h6><b>Fernando Carvalho Lima<\/b><span style=\"font-weight: 400;\"> \u2013 Managing Patner e Representante da <\/span><span style=\"font-weight: 400;\"><em>HR2Business<\/em><\/span><span style=\"font-weight: 400;\"> onde \u00e9 S\u00f3cio Executivo \u2013 <\/span><span style=\"font-weight: 400;\"><em>Best Alliance<\/em><\/span><span style=\"font-weight: 400;\"><em>\u00a0<\/em><\/span><\/h6><h6><strong>Palestrantes:\u00a0<\/strong><\/h6><h6>Fernanda Mendes<span style=\"font-weight: 400;\"> \u2013 S\u00f3cia da empresa ADIGO Desenvolvimento<\/span><\/h6><h6>Meiri Inoue<span style=\"font-weight: 400;\"> \u2013 Co-fundadora da empresa Parsiafal21<\/span><\/h6><h6><b>17h &#8211; 17h30:<\/b> Encerramento com apresenta\u00e7\u00e3o musical &#8211; Promo\u00e7\u00e3o: <i>The Groovy Company<\/i><\/h6>\t\t\t\t\t\t<\/div>\n\t\t\t\t<\/div>\n\t\t\t\t<\/div>\n\t\t\t\t\t<\/div>\n\t\t\t\t<\/div>\n\t\t<div class=\"elementor-element elementor-element-cbcd306 e-flex e-con-boxed e-con e-parent\" data-id=\"cbcd306\" data-element_type=\"container\">\n\t\t\t\t\t<div class=\"e-con-inner\">\n\t\t\t\t\t<\/div>\n\t\t\t\t<\/div>\n\t\t\t\t<\/div>\n\t\t","protected":false},"excerpt":{"rendered":"<p>Simp\u00f3sio da Rede S.E.R Colaborativa: A Nova Era do Desenvolvimento Humano e da Valoriza\u00e7\u00e3o da Vida. EVENTO:\u00a0 Participe do I Simp\u00f3sio da Rede S.E.R. Colaborativa e embarque em uma jornada de descoberta, conhecimento, inova\u00e7\u00e3o e avan\u00e7o nas \u00e1reas de Educa\u00e7\u00e3o, Sa\u00fade, Ci\u00eancia e Gest\u00e3o de Pessoas. Este evento pioneiro, com foco na Sa\u00fade Mental, Bem-Estar [&hellip;]<\/p>\n","protected":false},"author":1,"featured_media":0,"parent":0,"menu_order":0,"comment_status":"closed","ping_status":"closed","template":"","meta":{"footnotes":""},"_links":{"self":[{"href":"https:\/\/redesercolaborativa.com.br\/index.php?rest_route=\/wp\/v2\/pages\/116"}],"collection":[{"href":"https:\/\/redesercolaborativa.com.br\/index.php?rest_route=\/wp\/v2\/pages"}],"about":[{"href":"https:\/\/redesercolaborativa.com.br\/index.php?rest_route=\/wp\/v2\/types\/page"}],"author":[{"embeddable":true,"href":"https:\/\/redesercolaborativa.com.br\/index.php?rest_route=\/wp\/v2\/users\/1"}],"replies":[{"embeddable":true,"href":"https:\/\/redesercolaborativa.com.br\/index.php?rest_route=%2Fwp%2Fv2%2Fcomments&post=116"}],"version-history":[{"count":39,"href":"https:\/\/redesercolaborativa.com.br\/index.php?rest_route=\/wp\/v2\/pages\/116\/revisions"}],"predecessor-version":[{"id":269,"href":"https:\/\/redesercolaborativa.com.br\/index.php?rest_route=\/wp\/v2\/pages\/116\/revisions\/269"}],"wp:attachment":[{"href":"https:\/\/redesercolaborativa.com.br\/index.php?rest_route=%2Fwp%2Fv2%2Fmedia&parent=116"}],"curies":[{"name":"wp","href":"https:\/\/api.w.org\/{rel}","templated":true}]}}